{"id":791,"date":"2020-06-05T11:31:03","date_gmt":"2020-06-05T14:31:03","guid":{"rendered":"https:\/\/zoonose.com.br\/dedetizacao\/?page_id=791"},"modified":"2023-01-03T09:45:09","modified_gmt":"2023-01-03T12:45:09","slug":"foto-cupim-cupins","status":"publish","type":"page","link":"https:\/\/zoonose.com.br\/dedetizacao\/foto-cupim-cupins\/","title":{"rendered":"FOTO CUPIM"},"content":{"rendered":"<p><img loading=\"lazy\" decoding=\"async\" class=\"alignnone size-full wp-image-757\" src=\"https:\/\/zoonose.com.br\/dedetizacao\/wp-content\/uploads\/2020\/06\/PAGINA-CUPIM.jpg\" alt=\"\" width=\"404\" height=\"404\" srcset=\"https:\/\/zoonose.com.br\/dedetizacao\/wp-content\/uploads\/2020\/06\/PAGINA-CUPIM.jpg 404w, https:\/\/zoonose.com.br\/dedetizacao\/wp-content\/uploads\/2020\/06\/PAGINA-CUPIM-150x150.jpg 150w, https:\/\/zoonose.com.br\/dedetizacao\/wp-content\/uploads\/2020\/06\/PAGINA-CUPIM-100x100.jpg 100w\" sizes=\"auto, (max-width: 404px) 100vw, 404px\" \/><img loading=\"lazy\" decoding=\"async\" class=\"alignnone size-full wp-image-763\" src=\"https:\/\/zoonose.com.br\/dedetizacao\/wp-content\/uploads\/2020\/06\/page-3.jpg\" alt=\"\" width=\"404\" height=\"404\" srcset=\"https:\/\/zoonose.com.br\/dedetizacao\/wp-content\/uploads\/2020\/06\/page-3.jpg 404w, https:\/\/zoonose.com.br\/dedetizacao\/wp-content\/uploads\/2020\/06\/page-3-150x150.jpg 150w, https:\/\/zoonose.com.br\/dedetizacao\/wp-content\/uploads\/2020\/06\/page-3-100x100.jpg 100w\" sizes=\"auto, (max-width: 404px) 100vw, 404px\" \/><img loading=\"lazy\" decoding=\"async\" class=\"alignnone size-full wp-image-795\" src=\"https:\/\/zoonose.com.br\/dedetizacao\/wp-content\/uploads\/2020\/06\/page-4.jpg\" alt=\"\" width=\"404\" height=\"404\" srcset=\"https:\/\/zoonose.com.br\/dedetizacao\/wp-content\/uploads\/2020\/06\/page-4.jpg 404w, https:\/\/zoonose.com.br\/dedetizacao\/wp-content\/uploads\/2020\/06\/page-4-150x150.jpg 150w, https:\/\/zoonose.com.br\/dedetizacao\/wp-content\/uploads\/2020\/06\/page-4-100x100.jpg 100w\" sizes=\"auto, (max-width: 404px) 100vw, 404px\" \/><img loading=\"lazy\" decoding=\"async\" class=\"alignnone size-full wp-image-762\" src=\"https:\/\/zoonose.com.br\/dedetizacao\/wp-content\/uploads\/2020\/06\/page-2.jpg\" alt=\"\" width=\"404\" height=\"404\" srcset=\"https:\/\/zoonose.com.br\/dedetizacao\/wp-content\/uploads\/2020\/06\/page-2.jpg 404w, https:\/\/zoonose.com.br\/dedetizacao\/wp-content\/uploads\/2020\/06\/page-2-150x150.jpg 150w, https:\/\/zoonose.com.br\/dedetizacao\/wp-content\/uploads\/2020\/06\/page-2-100x100.jpg 100w\" sizes=\"auto, (max-width: 404px) 100vw, 404px\" \/><img loading=\"lazy\" decoding=\"async\" class=\"alignnone size-full wp-image-797\" src=\"https:\/\/zoonose.com.br\/dedetizacao\/wp-content\/uploads\/2020\/06\/page-5.jpg\" alt=\"\" width=\"404\" height=\"404\" srcset=\"https:\/\/zoonose.com.br\/dedetizacao\/wp-content\/uploads\/2020\/06\/page-5.jpg 404w, https:\/\/zoonose.com.br\/dedetizacao\/wp-content\/uploads\/2020\/06\/page-5-150x150.jpg 150w, https:\/\/zoonose.com.br\/dedetizacao\/wp-content\/uploads\/2020\/06\/page-5-100x100.jpg 100w\" sizes=\"auto, (max-width: 404px) 100vw, 404px\" \/><img loading=\"lazy\" decoding=\"async\" class=\"alignnone size-full wp-image-761\" src=\"https:\/\/zoonose.com.br\/dedetizacao\/wp-content\/uploads\/2020\/06\/page-1.jpg\" alt=\"\" width=\"404\" height=\"404\" srcset=\"https:\/\/zoonose.com.br\/dedetizacao\/wp-content\/uploads\/2020\/06\/page-1.jpg 404w, https:\/\/zoonose.com.br\/dedetizacao\/wp-content\/uploads\/2020\/06\/page-1-150x150.jpg 150w, https:\/\/zoonose.com.br\/dedetizacao\/wp-content\/uploads\/2020\/06\/page-1-100x100.jpg 100w\" sizes=\"auto, (max-width: 404px) 100vw, 404px\" \/><\/p>\n<p>&nbsp;<\/p>\n<p><iframe loading=\"lazy\" src=\"\/\/www.youtube.com\/embed\/uC_qdyCUaMg\" width=\"300\" height=\"168\" allowfullscreen=\"allowfullscreen\"><\/iframe><\/p>\n<p><iframe loading=\"lazy\" src=\"\/\/www.youtube.com\/embed\/_MrjyEZaaz4\" width=\"300\" height=\"168\" allowfullscreen=\"allowfullscreen\"><\/iframe><\/p>\n<p><iframe loading=\"lazy\" src=\"\/\/www.youtube.com\/embed\/fqw-jhRsLMI\" width=\"300\" height=\"168\" allowfullscreen=\"allowfullscreen\"><\/iframe><\/p>\n<p>&nbsp;<\/p>\n<p style=\"padding-left: 40px;\">Dedetizadora Zoonose servi\u00e7os prestados: Dedetiza\u00e7\u00e3o &#8211; Desratiza\u00e7\u00e3o &#8211; Descupiniza\u00e7\u00e3o &#8211; Controle de Pragas.<\/p>\n<p style=\"padding-left: 40px;\">Pragas: Aranhas &#8211; Baratas &#8211; Carrapatos &#8211; Escorpi\u00e3o &#8211; Cupim de solo &#8211; Cupim de madeira seca &#8211; Ratos &#8211; Ratos de telhados &#8211; Ratazana &#8211; Tra\u00e7as.<\/p>\n<p style=\"padding-left: 40px;\"><span style=\"color: #ffffff;\">Dedetizadora na Vila Sonia &#8211; Dedetizadora em Pinheiros &#8211; Dedetizadora em Cotia &#8211; Dedetizadora na Praia Grande &#8211; Dedetizadora na Lapa &#8211; Dedetizadora em Perdizes &#8211; Dedetizadora no Sumar\u00e9 &#8211; Dedetizadora em Vargem Grande Paulista &#8211; Dedetizadora em Caucaia do Alto &#8211; Dedetizadora em Vila Mariana &#8211; Dedetizadora em Moema &#8211; Dedetizadora em Vila Leopoldina\u00a0 &#8211;<\/span><\/p>\n","protected":false},"excerpt":{"rendered":"<p>&nbsp; &nbsp; Dedetizadora Zoonose servi\u00e7os prestados: Dedetiza\u00e7\u00e3o &#8211; Desratiza\u00e7\u00e3o &#8211; Descupiniza\u00e7\u00e3o &#8211; Controle de Pragas. Pragas: Aranhas &#8211; Baratas &#8211; Carrapatos &#8211; Escorpi\u00e3o &#8211; Cupim de solo &#8211; Cupim de madeira seca &#8211; Ratos &#8211; Ratos de telhados &#8211; Ratazana &#8211; Tra\u00e7as. Dedetizadora na Vila Sonia &#8211; Dedetizadora em Pinheiros &#8211; Dedetizadora em Cotia &#8211; &hellip; <a href=\"https:\/\/zoonose.com.br\/dedetizacao\/foto-cupim-cupins\/\" class=\"more-link\">Continuar lendo <span class=\"screen-reader-text\">FOTO CUPIM<\/span><\/a><\/p>\n","protected":false},"author":1,"featured_media":0,"parent":0,"menu_order":0,"comment_status":"closed","ping_status":"closed","template":"","meta":{"om_disable_all_campaigns":false,"_exactmetrics_skip_tracking":false,"_exactmetrics_sitenote_active":false,"_exactmetrics_sitenote_note":"","_exactmetrics_sitenote_category":0,"_monsterinsights_skip_tracking":false,"_monsterinsights_sitenote_active":false,"_monsterinsights_sitenote_note":"","_monsterinsights_sitenote_category":0,"_uf_show_specific_survey":0,"_uf_disable_surveys":false,"footnotes":""},"class_list":["post-791","page","type-page","status-publish","hentry"],"aioseo_notices":[],"yoast_head":"<!-- This site is optimized with the Yoast SEO plugin v27.3 - https:\/\/yoast.com\/product\/yoast-seo-wordpress\/ -->\n<title>FOTO CUPIM - (11) 2864-1111<\/title>\n<meta name=\"description\" content=\"Cupim - Cupins - Cupim de solo - Cupim de madeira seca - Cupim voadores - Cupim siriri - Cupim em moveis - Cupim - Cupins - Cupim - Cupins.\" \/>\n<meta name=\"robots\" content=\"index, follow, max-snippet:-1, max-image-preview:large, max-video-preview:-1\" \/>\n<link rel=\"canonical\" href=\"https:\/\/zoonose.com.br\/dedetizacao\/foto-cupim-cupins\/\" \/>\n<meta property=\"og:locale\" content=\"pt_BR\" \/>\n<meta property=\"og:type\" content=\"article\" \/>\n<meta property=\"og:title\" content=\"FOTO CUPIM - (11) 2864-1111\" \/>\n<meta property=\"og:description\" content=\"Cupim - Cupins - Cupim de solo - Cupim de madeira seca - Cupim voadores - Cupim siriri - Cupim em moveis - Cupim - Cupins - Cupim - Cupins.\" \/>\n<meta property=\"og:url\" content=\"https:\/\/zoonose.com.br\/dedetizacao\/foto-cupim-cupins\/\" \/>\n<meta property=\"og:site_name\" content=\"(11) 2864-1111\" \/>\n<meta property=\"article:modified_time\" content=\"2023-01-03T12:45:09+00:00\" \/>\n<meta property=\"og:image\" content=\"https:\/\/zoonose.com.br\/dedetizacao\/wp-content\/uploads\/2020\/06\/PAGINA-CUPIM.jpg\" \/>\n<meta name=\"twitter:card\" content=\"summary_large_image\" \/>\n<meta name=\"twitter:label1\" content=\"Est. tempo de leitura\" \/>\n\t<meta name=\"twitter:data1\" content=\"2 minutos\" \/>\n<script type=\"application\/ld+json\" class=\"yoast-schema-graph\">{\"@context\":\"https:\\\/\\\/schema.org\",\"@graph\":[{\"@type\":\"WebPage\",\"@id\":\"https:\\\/\\\/zoonose.com.br\\\/dedetizacao\\\/foto-cupim-cupins\\\/\",\"url\":\"https:\\\/\\\/zoonose.com.br\\\/dedetizacao\\\/foto-cupim-cupins\\\/\",\"name\":\"FOTO CUPIM - (11) 2864-1111\",\"isPartOf\":{\"@id\":\"https:\\\/\\\/zoonose.com.br\\\/dedetizacao\\\/#website\"},\"primaryImageOfPage\":{\"@id\":\"https:\\\/\\\/zoonose.com.br\\\/dedetizacao\\\/foto-cupim-cupins\\\/#primaryimage\"},\"image\":{\"@id\":\"https:\\\/\\\/zoonose.com.br\\\/dedetizacao\\\/foto-cupim-cupins\\\/#primaryimage\"},\"thumbnailUrl\":\"https:\\\/\\\/zoonose.com.br\\\/dedetizacao\\\/wp-content\\\/uploads\\\/2020\\\/06\\\/PAGINA-CUPIM.jpg\",\"datePublished\":\"2020-06-05T14:31:03+00:00\",\"dateModified\":\"2023-01-03T12:45:09+00:00\",\"description\":\"Cupim - Cupins - Cupim de solo - Cupim de madeira seca - Cupim voadores - Cupim siriri - Cupim em moveis - Cupim - Cupins - Cupim - Cupins.\",\"breadcrumb\":{\"@id\":\"https:\\\/\\\/zoonose.com.br\\\/dedetizacao\\\/foto-cupim-cupins\\\/#breadcrumb\"},\"inLanguage\":\"pt-BR\",\"potentialAction\":[{\"@type\":\"ReadAction\",\"target\":[\"https:\\\/\\\/zoonose.com.br\\\/dedetizacao\\\/foto-cupim-cupins\\\/\"]}]},{\"@type\":\"ImageObject\",\"inLanguage\":\"pt-BR\",\"@id\":\"https:\\\/\\\/zoonose.com.br\\\/dedetizacao\\\/foto-cupim-cupins\\\/#primaryimage\",\"url\":\"https:\\\/\\\/zoonose.com.br\\\/dedetizacao\\\/wp-content\\\/uploads\\\/2020\\\/06\\\/PAGINA-CUPIM.jpg\",\"contentUrl\":\"https:\\\/\\\/zoonose.com.br\\\/dedetizacao\\\/wp-content\\\/uploads\\\/2020\\\/06\\\/PAGINA-CUPIM.jpg\",\"width\":404,\"height\":404},{\"@type\":\"BreadcrumbList\",\"@id\":\"https:\\\/\\\/zoonose.com.br\\\/dedetizacao\\\/foto-cupim-cupins\\\/#breadcrumb\",\"itemListElement\":[{\"@type\":\"ListItem\",\"position\":1,\"name\":\"home\",\"item\":\"https:\\\/\\\/zoonose.com.br\\\/dedetizacao\\\/\"},{\"@type\":\"ListItem\",\"position\":2,\"name\":\"FOTO CUPIM\"}]},{\"@type\":\"WebSite\",\"@id\":\"https:\\\/\\\/zoonose.com.br\\\/dedetizacao\\\/#website\",\"url\":\"https:\\\/\\\/zoonose.com.br\\\/dedetizacao\\\/\",\"name\":\"(11) 2864-1111\",\"description\":\"Dedetizadora - Dedetiza\u00e7\u00e3o - Descupiniza\u00e7\u00e3o - Desratiza\u00e7\u00e3o\",\"publisher\":{\"@id\":\"https:\\\/\\\/zoonose.com.br\\\/dedetizacao\\\/#organization\"},\"potentialAction\":[{\"@type\":\"SearchAction\",\"target\":{\"@type\":\"EntryPoint\",\"urlTemplate\":\"https:\\\/\\\/zoonose.com.br\\\/dedetizacao\\\/?s={search_term_string}\"},\"query-input\":{\"@type\":\"PropertyValueSpecification\",\"valueRequired\":true,\"valueName\":\"search_term_string\"}}],\"inLanguage\":\"pt-BR\"},{\"@type\":\"Organization\",\"@id\":\"https:\\\/\\\/zoonose.com.br\\\/dedetizacao\\\/#organization\",\"name\":\"(11) 2864-1111\",\"url\":\"https:\\\/\\\/zoonose.com.br\\\/dedetizacao\\\/\",\"logo\":{\"@type\":\"ImageObject\",\"inLanguage\":\"pt-BR\",\"@id\":\"https:\\\/\\\/zoonose.com.br\\\/dedetizacao\\\/#\\\/schema\\\/logo\\\/image\\\/\",\"url\":\"https:\\\/\\\/zoonose.com.br\\\/dedetizacao\\\/wp-content\\\/uploads\\\/2023\\\/06\\\/cropped-cats2.jpg\",\"contentUrl\":\"https:\\\/\\\/zoonose.com.br\\\/dedetizacao\\\/wp-content\\\/uploads\\\/2023\\\/06\\\/cropped-cats2.jpg\",\"width\":248,\"height\":136,\"caption\":\"(11) 2864-1111\"},\"image\":{\"@id\":\"https:\\\/\\\/zoonose.com.br\\\/dedetizacao\\\/#\\\/schema\\\/logo\\\/image\\\/\"}}]}<\/script>\n<!-- \/ Yoast SEO plugin. -->","yoast_head_json":{"title":"FOTO CUPIM - (11) 2864-1111","description":"Cupim - Cupins - Cupim de solo - Cupim de madeira seca - Cupim voadores - Cupim siriri - Cupim em moveis - Cupim - Cupins - Cupim - Cupins.","robots":{"index":"index","follow":"follow","max-snippet":"max-snippet:-1","max-image-preview":"max-image-preview:large","max-video-preview":"max-video-preview:-1"},"canonical":"https:\/\/zoonose.com.br\/dedetizacao\/foto-cupim-cupins\/","og_locale":"pt_BR","og_type":"article","og_title":"FOTO CUPIM - (11) 2864-1111","og_description":"Cupim - Cupins - Cupim de solo - Cupim de madeira seca - Cupim voadores - Cupim siriri - Cupim em moveis - Cupim - Cupins - Cupim - Cupins.","og_url":"https:\/\/zoonose.com.br\/dedetizacao\/foto-cupim-cupins\/","og_site_name":"(11) 2864-1111","article_modified_time":"2023-01-03T12:45:09+00:00","og_image":[{"url":"https:\/\/zoonose.com.br\/dedetizacao\/wp-content\/uploads\/2020\/06\/PAGINA-CUPIM.jpg","type":"","width":"","height":""}],"twitter_card":"summary_large_image","twitter_misc":{"Est. tempo de leitura":"2 minutos"},"schema":{"@context":"https:\/\/schema.org","@graph":[{"@type":"WebPage","@id":"https:\/\/zoonose.com.br\/dedetizacao\/foto-cupim-cupins\/","url":"https:\/\/zoonose.com.br\/dedetizacao\/foto-cupim-cupins\/","name":"FOTO CUPIM - (11) 2864-1111","isPartOf":{"@id":"https:\/\/zoonose.com.br\/dedetizacao\/#website"},"primaryImageOfPage":{"@id":"https:\/\/zoonose.com.br\/dedetizacao\/foto-cupim-cupins\/#primaryimage"},"image":{"@id":"https:\/\/zoonose.com.br\/dedetizacao\/foto-cupim-cupins\/#primaryimage"},"thumbnailUrl":"https:\/\/zoonose.com.br\/dedetizacao\/wp-content\/uploads\/2020\/06\/PAGINA-CUPIM.jpg","datePublished":"2020-06-05T14:31:03+00:00","dateModified":"2023-01-03T12:45:09+00:00","description":"Cupim - Cupins - Cupim de solo - Cupim de madeira seca - Cupim voadores - Cupim siriri - Cupim em moveis - Cupim - Cupins - Cupim - Cupins.","breadcrumb":{"@id":"https:\/\/zoonose.com.br\/dedetizacao\/foto-cupim-cupins\/#breadcrumb"},"inLanguage":"pt-BR","potentialAction":[{"@type":"ReadAction","target":["https:\/\/zoonose.com.br\/dedetizacao\/foto-cupim-cupins\/"]}]},{"@type":"ImageObject","inLanguage":"pt-BR","@id":"https:\/\/zoonose.com.br\/dedetizacao\/foto-cupim-cupins\/#primaryimage","url":"https:\/\/zoonose.com.br\/dedetizacao\/wp-content\/uploads\/2020\/06\/PAGINA-CUPIM.jpg","contentUrl":"https:\/\/zoonose.com.br\/dedetizacao\/wp-content\/uploads\/2020\/06\/PAGINA-CUPIM.jpg","width":404,"height":404},{"@type":"BreadcrumbList","@id":"https:\/\/zoonose.com.br\/dedetizacao\/foto-cupim-cupins\/#breadcrumb","itemListElement":[{"@type":"ListItem","position":1,"name":"home","item":"https:\/\/zoonose.com.br\/dedetizacao\/"},{"@type":"ListItem","position":2,"name":"FOTO CUPIM"}]},{"@type":"WebSite","@id":"https:\/\/zoonose.com.br\/dedetizacao\/#website","url":"https:\/\/zoonose.com.br\/dedetizacao\/","name":"(11) 2864-1111","description":"Dedetizadora - Dedetiza\u00e7\u00e3o - Descupiniza\u00e7\u00e3o - Desratiza\u00e7\u00e3o","publisher":{"@id":"https:\/\/zoonose.com.br\/dedetizacao\/#organization"},"potentialAction":[{"@type":"SearchAction","target":{"@type":"EntryPoint","urlTemplate":"https:\/\/zoonose.com.br\/dedetizacao\/?s={search_term_string}"},"query-input":{"@type":"PropertyValueSpecification","valueRequired":true,"valueName":"search_term_string"}}],"inLanguage":"pt-BR"},{"@type":"Organization","@id":"https:\/\/zoonose.com.br\/dedetizacao\/#organization","name":"(11) 2864-1111","url":"https:\/\/zoonose.com.br\/dedetizacao\/","logo":{"@type":"ImageObject","inLanguage":"pt-BR","@id":"https:\/\/zoonose.com.br\/dedetizacao\/#\/schema\/logo\/image\/","url":"https:\/\/zoonose.com.br\/dedetizacao\/wp-content\/uploads\/2023\/06\/cropped-cats2.jpg","contentUrl":"https:\/\/zoonose.com.br\/dedetizacao\/wp-content\/uploads\/2023\/06\/cropped-cats2.jpg","width":248,"height":136,"caption":"(11) 2864-1111"},"image":{"@id":"https:\/\/zoonose.com.br\/dedetizacao\/#\/schema\/logo\/image\/"}}]}},"jetpack_sharing_enabled":true,"_links":{"self":[{"href":"https:\/\/zoonose.com.br\/dedetizacao\/wp-json\/wp\/v2\/pages\/791","targetHints":{"allow":["GET"]}}],"collection":[{"href":"https:\/\/zoonose.com.br\/dedetizacao\/wp-json\/wp\/v2\/pages"}],"about":[{"href":"https:\/\/zoonose.com.br\/dedetizacao\/wp-json\/wp\/v2\/types\/page"}],"author":[{"embeddable":true,"href":"https:\/\/zoonose.com.br\/dedetizacao\/wp-json\/wp\/v2\/users\/1"}],"replies":[{"embeddable":true,"href":"https:\/\/zoonose.com.br\/dedetizacao\/wp-json\/wp\/v2\/comments?post=791"}],"version-history":[{"count":9,"href":"https:\/\/zoonose.com.br\/dedetizacao\/wp-json\/wp\/v2\/pages\/791\/revisions"}],"predecessor-version":[{"id":1382,"href":"https:\/\/zoonose.com.br\/dedetizacao\/wp-json\/wp\/v2\/pages\/791\/revisions\/1382"}],"wp:attachment":[{"href":"https:\/\/zoonose.com.br\/dedetizacao\/wp-json\/wp\/v2\/media?parent=791"}],"curies":[{"name":"wp","href":"https:\/\/api.w.org\/{rel}","templated":true}]}}